{"id":343,"date":"2020-12-10T10:41:43","date_gmt":"2020-12-10T09:41:43","guid":{"rendered":"http:\/\/cszpnab.cluster030.hosting.ovh.net\/?page_id=343"},"modified":"2020-12-10T10:42:07","modified_gmt":"2020-12-10T09:42:07","slug":"horaires-et-acces","status":"publish","type":"page","link":"https:\/\/engineering.technic-achat.com\/index.php\/horaires-et-acces\/","title":{"rendered":"Horaires et acc\u00e8s"},"content":{"rendered":"\n<h4 class=\"wp-block-heading\">Nos horaires :<\/h4>\n\n\n\n<figure class=\"wp-block-table is-style-stripes\"><table><tbody><tr><td>LUNDI<\/td><td class=\"has-text-align-center\" data-align=\"center\">8:30 &#8211; 12:30<\/td><td class=\"has-text-align-center\" data-align=\"center\">13:30 &#8211; 17 heures<\/td><\/tr><tr><td>MARDI<\/td><td class=\"has-text-align-center\" data-align=\"center\">8:30 &#8211; 12:30<\/td><td class=\"has-text-align-center\" data-align=\"center\">13:30 &#8211; 17 heures<\/td><\/tr><tr><td>MERCREDI<\/td><td class=\"has-text-align-center\" data-align=\"center\">8:30 &#8211; 12:30<\/td><td class=\"has-text-align-center\" data-align=\"center\">13:30 &#8211; 17 heures<\/td><\/tr><tr><td>JEUDI<\/td><td class=\"has-text-align-center\" data-align=\"center\">8:30 &#8211; 12:30<\/td><td class=\"has-text-align-center\" data-align=\"center\">13:30 &#8211; 17 heures<\/td><\/tr><tr><td>VENDREDI<\/td><td class=\"has-text-align-center\" data-align=\"center\">8:30 &#8211; 12:30<\/td><td class=\"has-text-align-center\" data-align=\"center\">13:30 &#8211; 17 heures<\/td><\/tr><\/tbody><\/table><\/figure>\n\n\n\n<h4 class=\"wp-block-heading\">Nous trouver :<\/h4>\n\n\n\n<iframe loading=\"lazy\" src=\"https:\/\/www.google.com\/maps\/embed?pb=!1m18!1m12!1m3!1d2831.61959610696!2d-0.5399982845558909!3d44.78856008629096!2m3!1f0!2f0!3f0!3m2!1i1024!2i768!4f13.1!3m3!1m2!1s0xd5526bc86f5a443%3A0xe084e1011f2927c4!2sTechnic-Achat!5e0!3m2!1sfr!2sfr!4v1603978610436!5m2!1sfr!2sfr\" width=\"600\" height=\"450\" frameborder=\"0\" style=\"border:0;\" allowfullscreen=\"\" aria-hidden=\"false\" tabindex=\"0\"><\/iframe>\n","protected":false},"excerpt":{"rendered":"<p>Nos horaires : LUNDI 8:30 &#8211; 12:30 13:30 &#8211; 17 heures MARDI 8:30 &#8211; 12:30 13:30 &#8211; 17 heures MERCREDI 8:30 &#8211; 12:30 13:30 &#8211; 17 heures JEUDI 8:30 &#8211; 12:30 13:30 &#8211; 17 heures VENDREDI 8:30 &#8211; 12:30 13:30 &#8211; 17 heures Nous trouver :<\/p>\n","protected":false},"author":1,"featured_media":0,"parent":0,"menu_order":0,"comment_status":"closed","ping_status":"closed","template":"","meta":{"footnotes":""},"class_list":["post-343","page","type-page","status-publish","hentry"],"yoast_head":"<!-- This site is optimized with the Yoast SEO plugin v27.3 - https:\/\/yoast.com\/product\/yoast-seo-wordpress\/ -->\n<title>Horaires et acc\u00e8s - Technic-Achat Engineering - Gironde<\/title>\n<meta name=\"description\" content=\"Technic Achat est une soci\u00e9t\u00e9 bordelaise d&#039;automatisation, de contr\u00f4le de processus de b\u00e2timents ou d&#039;applications industrielles.\" \/>\n<meta name=\"robots\" content=\"index, follow, max-snippet:-1, max-image-preview:large, max-video-preview:-1\" \/>\n<link rel=\"canonical\" href=\"https:\/\/engineering.technic-achat.com\/index.php\/horaires-et-acces\/\" \/>\n<meta property=\"og:locale\" content=\"fr_FR\" \/>\n<meta property=\"og:type\" content=\"article\" \/>\n<meta property=\"og:title\" content=\"Horaires et acc\u00e8s - Technic-Achat Engineering - Gironde\" \/>\n<meta property=\"og:description\" content=\"Technic Achat est une soci\u00e9t\u00e9 bordelaise d&#039;automatisation, de contr\u00f4le de processus de b\u00e2timents ou d&#039;applications industrielles.\" \/>\n<meta property=\"og:url\" content=\"https:\/\/engineering.technic-achat.com\/index.php\/horaires-et-acces\/\" \/>\n<meta property=\"og:site_name\" content=\"Technic-Achat Engineering\" \/>\n<meta property=\"article:modified_time\" content=\"2020-12-10T09:42:07+00:00\" \/>\n<meta name=\"twitter:card\" content=\"summary_large_image\" \/>\n<script type=\"application\/ld+json\" class=\"yoast-schema-graph\">{\"@context\":\"https:\\\/\\\/schema.org\",\"@graph\":[{\"@type\":\"WebPage\",\"@id\":\"https:\\\/\\\/engineering.technic-achat.com\\\/index.php\\\/horaires-et-acces\\\/\",\"url\":\"https:\\\/\\\/engineering.technic-achat.com\\\/index.php\\\/horaires-et-acces\\\/\",\"name\":\"Horaires et acc\u00e8s - Technic-Achat Engineering - Gironde\",\"isPartOf\":{\"@id\":\"https:\\\/\\\/engineering.technic-achat.com\\\/#website\"},\"datePublished\":\"2020-12-10T09:41:43+00:00\",\"dateModified\":\"2020-12-10T09:42:07+00:00\",\"description\":\"Technic Achat est une soci\u00e9t\u00e9 bordelaise d'automatisation, de contr\u00f4le de processus de b\u00e2timents ou d'applications industrielles.\",\"breadcrumb\":{\"@id\":\"https:\\\/\\\/engineering.technic-achat.com\\\/index.php\\\/horaires-et-acces\\\/#breadcrumb\"},\"inLanguage\":\"fr-FR\",\"potentialAction\":[{\"@type\":\"ReadAction\",\"target\":[\"https:\\\/\\\/engineering.technic-achat.com\\\/index.php\\\/horaires-et-acces\\\/\"]}]},{\"@type\":\"BreadcrumbList\",\"@id\":\"https:\\\/\\\/engineering.technic-achat.com\\\/index.php\\\/horaires-et-acces\\\/#breadcrumb\",\"itemListElement\":[{\"@type\":\"ListItem\",\"position\":1,\"name\":\"Accueil\",\"item\":\"https:\\\/\\\/engineering.technic-achat.com\\\/\"},{\"@type\":\"ListItem\",\"position\":2,\"name\":\"Horaires et acc\u00e8s\"}]},{\"@type\":\"WebSite\",\"@id\":\"https:\\\/\\\/engineering.technic-achat.com\\\/#website\",\"url\":\"https:\\\/\\\/engineering.technic-achat.com\\\/\",\"name\":\"Technic-Achat Engineering\",\"description\":\"Bureau d&#039;\u00e9tudes automatisme &amp; \u00e9lectricit\u00e9 industrielle\",\"publisher\":{\"@id\":\"https:\\\/\\\/engineering.technic-achat.com\\\/#organization\"},\"potentialAction\":[{\"@type\":\"SearchAction\",\"target\":{\"@type\":\"EntryPoint\",\"urlTemplate\":\"https:\\\/\\\/engineering.technic-achat.com\\\/?s={search_term_string}\"},\"query-input\":{\"@type\":\"PropertyValueSpecification\",\"valueRequired\":true,\"valueName\":\"search_term_string\"}}],\"inLanguage\":\"fr-FR\"},{\"@type\":\"Organization\",\"@id\":\"https:\\\/\\\/engineering.technic-achat.com\\\/#organization\",\"name\":\"Technic-Achat Engineering\",\"url\":\"https:\\\/\\\/engineering.technic-achat.com\\\/\",\"logo\":{\"@type\":\"ImageObject\",\"inLanguage\":\"fr-FR\",\"@id\":\"https:\\\/\\\/engineering.technic-achat.com\\\/#\\\/schema\\\/logo\\\/image\\\/\",\"url\":\"https:\\\/\\\/engineering.technic-achat.com\\\/wp-content\\\/uploads\\\/2020\\\/10\\\/logo-engineering.png\",\"contentUrl\":\"https:\\\/\\\/engineering.technic-achat.com\\\/wp-content\\\/uploads\\\/2020\\\/10\\\/logo-engineering.png\",\"width\":100,\"height\":71,\"caption\":\"Technic-Achat Engineering\"},\"image\":{\"@id\":\"https:\\\/\\\/engineering.technic-achat.com\\\/#\\\/schema\\\/logo\\\/image\\\/\"}}]}<\/script>\n<!-- \/ Yoast SEO plugin. -->","yoast_head_json":{"title":"Horaires et acc\u00e8s - Technic-Achat Engineering - Gironde","description":"Technic Achat est une soci\u00e9t\u00e9 bordelaise d'automatisation, de contr\u00f4le de processus de b\u00e2timents ou d'applications industrielles.","robots":{"index":"index","follow":"follow","max-snippet":"max-snippet:-1","max-image-preview":"max-image-preview:large","max-video-preview":"max-video-preview:-1"},"canonical":"https:\/\/engineering.technic-achat.com\/index.php\/horaires-et-acces\/","og_locale":"fr_FR","og_type":"article","og_title":"Horaires et acc\u00e8s - Technic-Achat Engineering - Gironde","og_description":"Technic Achat est une soci\u00e9t\u00e9 bordelaise d'automatisation, de contr\u00f4le de processus de b\u00e2timents ou d'applications industrielles.","og_url":"https:\/\/engineering.technic-achat.com\/index.php\/horaires-et-acces\/","og_site_name":"Technic-Achat Engineering","article_modified_time":"2020-12-10T09:42:07+00:00","twitter_card":"summary_large_image","schema":{"@context":"https:\/\/schema.org","@graph":[{"@type":"WebPage","@id":"https:\/\/engineering.technic-achat.com\/index.php\/horaires-et-acces\/","url":"https:\/\/engineering.technic-achat.com\/index.php\/horaires-et-acces\/","name":"Horaires et acc\u00e8s - Technic-Achat Engineering - Gironde","isPartOf":{"@id":"https:\/\/engineering.technic-achat.com\/#website"},"datePublished":"2020-12-10T09:41:43+00:00","dateModified":"2020-12-10T09:42:07+00:00","description":"Technic Achat est une soci\u00e9t\u00e9 bordelaise d'automatisation, de contr\u00f4le de processus de b\u00e2timents ou d'applications industrielles.","breadcrumb":{"@id":"https:\/\/engineering.technic-achat.com\/index.php\/horaires-et-acces\/#breadcrumb"},"inLanguage":"fr-FR","potentialAction":[{"@type":"ReadAction","target":["https:\/\/engineering.technic-achat.com\/index.php\/horaires-et-acces\/"]}]},{"@type":"BreadcrumbList","@id":"https:\/\/engineering.technic-achat.com\/index.php\/horaires-et-acces\/#breadcrumb","itemListElement":[{"@type":"ListItem","position":1,"name":"Accueil","item":"https:\/\/engineering.technic-achat.com\/"},{"@type":"ListItem","position":2,"name":"Horaires et acc\u00e8s"}]},{"@type":"WebSite","@id":"https:\/\/engineering.technic-achat.com\/#website","url":"https:\/\/engineering.technic-achat.com\/","name":"Technic-Achat Engineering","description":"Bureau d&#039;\u00e9tudes automatisme &amp; \u00e9lectricit\u00e9 industrielle","publisher":{"@id":"https:\/\/engineering.technic-achat.com\/#organization"},"potentialAction":[{"@type":"SearchAction","target":{"@type":"EntryPoint","urlTemplate":"https:\/\/engineering.technic-achat.com\/?s={search_term_string}"},"query-input":{"@type":"PropertyValueSpecification","valueRequired":true,"valueName":"search_term_string"}}],"inLanguage":"fr-FR"},{"@type":"Organization","@id":"https:\/\/engineering.technic-achat.com\/#organization","name":"Technic-Achat Engineering","url":"https:\/\/engineering.technic-achat.com\/","logo":{"@type":"ImageObject","inLanguage":"fr-FR","@id":"https:\/\/engineering.technic-achat.com\/#\/schema\/logo\/image\/","url":"https:\/\/engineering.technic-achat.com\/wp-content\/uploads\/2020\/10\/logo-engineering.png","contentUrl":"https:\/\/engineering.technic-achat.com\/wp-content\/uploads\/2020\/10\/logo-engineering.png","width":100,"height":71,"caption":"Technic-Achat Engineering"},"image":{"@id":"https:\/\/engineering.technic-achat.com\/#\/schema\/logo\/image\/"}}]}},"_links":{"self":[{"href":"https:\/\/engineering.technic-achat.com\/index.php\/wp-json\/wp\/v2\/pages\/343","targetHints":{"allow":["GET"]}}],"collection":[{"href":"https:\/\/engineering.technic-achat.com\/index.php\/wp-json\/wp\/v2\/pages"}],"about":[{"href":"https:\/\/engineering.technic-achat.com\/index.php\/wp-json\/wp\/v2\/types\/page"}],"author":[{"embeddable":true,"href":"https:\/\/engineering.technic-achat.com\/index.php\/wp-json\/wp\/v2\/users\/1"}],"replies":[{"embeddable":true,"href":"https:\/\/engineering.technic-achat.com\/index.php\/wp-json\/wp\/v2\/comments?post=343"}],"version-history":[{"count":7,"href":"https:\/\/engineering.technic-achat.com\/index.php\/wp-json\/wp\/v2\/pages\/343\/revisions"}],"predecessor-version":[{"id":657,"href":"https:\/\/engineering.technic-achat.com\/index.php\/wp-json\/wp\/v2\/pages\/343\/revisions\/657"}],"wp:attachment":[{"href":"https:\/\/engineering.technic-achat.com\/index.php\/wp-json\/wp\/v2\/media?parent=343"}],"curies":[{"name":"wp","href":"https:\/\/api.w.org\/{rel}","templated":true}]}}